{"id":126,"date":"2019-03-09T19:16:19","date_gmt":"2019-03-09T19:16:19","guid":{"rendered":"https:\/\/odraz.kbf.unist.hr\/?page_id=126"},"modified":"2019-05-25T20:58:18","modified_gmt":"2019-05-25T20:58:18","slug":"opci-podaci","status":"publish","type":"page","link":"https:\/\/odraz.kbf.unist.hr\/index.php\/opci-podaci\/","title":{"rendered":"OP\u0106I PODACI"},"content":{"rendered":"\n<table class=\"wp-block-table is-style-regular\"><tbody><tr><th>Naziv \u010dasopisa:<\/th><td>Odraz, \u010dasopis studenata Katoli\u010dkog <br>bogoslovnog fakulteta u Splitu<\/td><\/tr><tr><th>ISSN:<\/th><td>1847-3288<\/td><\/tr><tr><th>Adresa:<\/th><td>Zrinsko-Frankopanska 19<br>HR-21000 Split, p.p.329<br>HRVATSKA (CROATIA)<br>Tel.+385 (0) 21 386 166<br>Fax.+385 (0) 21 386 138<\/td><\/tr><tr><th>Izdava\u010d:<\/th><td>Katoli\u010dki bogoslovni fakultet <br>Sveu\u010dili\u0161ta u Splitu<br>Zrinsko Frankopanska 19, Split<\/td><\/tr><tr><th>Prva godina izla\u017eenja:<\/th><td>2005<\/td><\/tr><tr><th>U\u010destalost izla\u017eenja (godi\u0161nje):<\/th><td>1<\/td><\/tr><tr><td><strong>Podru\u010dja pokrivanja:<\/strong><\/td><td>Teologija, Filozofija, <br>Humanisti\u010dke znanosti<\/td><\/tr><tr><td><strong>Tisak:<\/strong><\/td><td>Dalmacija papir<\/td><\/tr><tr><td><strong>Naklada:<\/strong><\/td><td>300<\/td><\/tr><tr><th>Uredni\u010dko vije\u0107e:<\/th><td>Petra Herco, Ivana Pelivan<\/td><\/tr><tr><th>Glavni i odgovorni urednik:<\/th><td>Antonija Krokar<\/td><\/tr><tr><th>Zamjenik glavnog urednika:<\/th><\/tr><\/tbody><\/table>\n","protected":false},"excerpt":{"rendered":"<p>Naziv \u010dasopisa: Odraz, \u010dasopis studenata Katoli\u010dkog bogoslovnog fakulteta u Splitu<span class=\"more-button\"><a href=\"https:\/\/odraz.kbf.unist.hr\/index.php\/opci-podaci\/\" class=\"more-link\">Continue reading<span class=\"screen-reader-text\">OP\u0106I PODACI<\/span><\/a><\/span><\/p>\n","protected":false},"author":2,"featured_media":0,"parent":0,"menu_order":0,"comment_status":"closed","ping_status":"closed","template":"","meta":{"footnotes":""},"class_list":["post-126","page","type-page","status-publish","hentry"],"_links":{"self":[{"href":"https:\/\/odraz.kbf.unist.hr\/index.php\/wp-json\/wp\/v2\/pages\/126","targetHints":{"allow":["GET"]}}],"collection":[{"href":"https:\/\/odraz.kbf.unist.hr\/index.php\/wp-json\/wp\/v2\/pages"}],"about":[{"href":"https:\/\/odraz.kbf.unist.hr\/index.php\/wp-json\/wp\/v2\/types\/page"}],"author":[{"embeddable":true,"href":"https:\/\/odraz.kbf.unist.hr\/index.php\/wp-json\/wp\/v2\/users\/2"}],"replies":[{"embeddable":true,"href":"https:\/\/odraz.kbf.unist.hr\/index.php\/wp-json\/wp\/v2\/comments?post=126"}],"version-history":[{"count":5,"href":"https:\/\/odraz.kbf.unist.hr\/index.php\/wp-json\/wp\/v2\/pages\/126\/revisions"}],"predecessor-version":[{"id":144,"href":"https:\/\/odraz.kbf.unist.hr\/index.php\/wp-json\/wp\/v2\/pages\/126\/revisions\/144"}],"wp:attachment":[{"href":"https:\/\/odraz.kbf.unist.hr\/index.php\/wp-json\/wp\/v2\/media?parent=126"}],"curies":[{"name":"wp","href":"https:\/\/api.w.org\/{rel}","templated":true}]}}