{"id":10,"date":"2017-10-17T12:32:50","date_gmt":"2017-10-17T12:32:50","guid":{"rendered":"http:\/\/odraz.kbf.unist.hr\/?page_id=10"},"modified":"2019-03-09T19:46:57","modified_gmt":"2019-03-09T19:46:57","slug":"naslovnica","status":"publish","type":"page","link":"https:\/\/odraz.kbf.unist.hr\/","title":{"rendered":"ODRAZ"},"content":{"rendered":"\n<p style=\"text-align:center\" class=\"has-normal-font-size\"><strong>\u010cASOPIS STUDENATA <\/strong><strong>KATOLI\u010cKOG BOGOSLOVNOG FAKULTETA  SVEU\u010cILI\u0160TA U SPLITU<\/strong><\/p>\n\n\n<p>Dobrodo\u0161li na stranice studenata teologije i onih koji \u0107e to tek postati.<\/p>","protected":false},"excerpt":{"rendered":"<p>\u010cASOPIS STUDENATA KATOLI\u010cKOG BOGOSLOVNOG FAKULTETA SVEU\u010cILI\u0160TA U SPLITU Dobrodo\u0161li na<span class=\"more-button\"><a href=\"https:\/\/odraz.kbf.unist.hr\/\" class=\"more-link\">Continue reading<span class=\"screen-reader-text\">ODRAZ<\/span><\/a><\/span><\/p>\n","protected":false},"author":2,"featured_media":0,"parent":0,"menu_order":0,"comment_status":"closed","ping_status":"closed","template":"","meta":{"footnotes":""},"class_list":["post-10","page","type-page","status-publish","hentry"],"_links":{"self":[{"href":"https:\/\/odraz.kbf.unist.hr\/index.php\/wp-json\/wp\/v2\/pages\/10","targetHints":{"allow":["GET"]}}],"collection":[{"href":"https:\/\/odraz.kbf.unist.hr\/index.php\/wp-json\/wp\/v2\/pages"}],"about":[{"href":"https:\/\/odraz.kbf.unist.hr\/index.php\/wp-json\/wp\/v2\/types\/page"}],"author":[{"embeddable":true,"href":"https:\/\/odraz.kbf.unist.hr\/index.php\/wp-json\/wp\/v2\/users\/2"}],"replies":[{"embeddable":true,"href":"https:\/\/odraz.kbf.unist.hr\/index.php\/wp-json\/wp\/v2\/comments?post=10"}],"version-history":[{"count":7,"href":"https:\/\/odraz.kbf.unist.hr\/index.php\/wp-json\/wp\/v2\/pages\/10\/revisions"}],"predecessor-version":[{"id":142,"href":"https:\/\/odraz.kbf.unist.hr\/index.php\/wp-json\/wp\/v2\/pages\/10\/revisions\/142"}],"wp:attachment":[{"href":"https:\/\/odraz.kbf.unist.hr\/index.php\/wp-json\/wp\/v2\/media?parent=10"}],"curies":[{"name":"wp","href":"https:\/\/api.w.org\/{rel}","templated":true}]}}